{"id":13067,"date":"2016-09-11T21:28:54","date_gmt":"2016-09-11T21:28:54","guid":{"rendered":"https:\/\/jlmmedical.fr\/?page_id=13067"},"modified":"2025-05-20T09:46:19","modified_gmt":"2025-05-20T09:46:19","slug":"produits-ecg","status":"publish","type":"page","link":"https:\/\/jlmmedical.fr\/?page_id=13067","title":{"rendered":"ECG"},"content":{"rendered":"<div class=\"fusion-fullwidth fullwidth-box fusion-builder-row-1 nonhundred-percent-fullwidth non-hundred-percent-height-scrolling\" style=\"--awb-background-position:left top;--awb-border-radius-top-left:0px;--awb-border-radius-top-right:0px;--awb-border-radius-bottom-right:0px;--awb-border-radius-bottom-left:0px;--awb-padding-top:5px;--awb-padding-bottom:5px;--awb-border-sizes-top:0px;--awb-border-sizes-bottom:0px;--awb-flex-wrap:wrap;\" ><div class=\"fusion-builder-row fusion-row\"><div class=\"fusion-layout-column fusion_builder_column fusion-builder-column-0 fusion_builder_column_1_1 1_1 fusion-one-full fusion-column-first fusion-column-last fusion-column-no-min-height\" style=\"--awb-bg-size:cover;--awb-margin-bottom:0px;\"><div class=\"fusion-column-wrapper fusion-flex-column-wrapper-legacy\"><div class=\"fusion-text fusion-text-1\"><h1 style=\"text-align: center;\">ECG<\/h1>\n<\/div><div class=\"fusion-clearfix\"><\/div><\/div><\/div><\/div><\/div>\n<div class=\"fusion-fullwidth fullwidth-box fusion-builder-row-2 nonhundred-percent-fullwidth non-hundred-percent-height-scrolling\" style=\"--awb-background-position:left top;--awb-border-radius-top-left:0px;--awb-border-radius-top-right:0px;--awb-border-radius-bottom-right:0px;--awb-border-radius-bottom-left:0px;--awb-padding-top:20px;--awb-padding-bottom:20px;--awb-background-color:#efefef;--awb-border-sizes-top:0px;--awb-border-sizes-bottom:0px;--awb-flex-wrap:wrap;\" ><div class=\"fusion-builder-row fusion-row\"><div class=\"fusion-layout-column fusion_builder_column fusion-builder-column-1 fusion_builder_column_1_2 1_2 fusion-one-half fusion-column-first\" style=\"--awb-bg-size:cover;width:48%; margin-right: 4%;\"><div class=\"fusion-column-wrapper fusion-flex-column-wrapper-legacy\"><div class=\"fusion-image-element in-legacy-container\" style=\"--awb-caption-title-font-family:var(--h2_typography-font-family);--awb-caption-title-font-weight:var(--h2_typography-font-weight);--awb-caption-title-font-style:var(--h2_typography-font-style);--awb-caption-title-size:var(--h2_typography-font-size);--awb-caption-title-transform:var(--h2_typography-text-transform);--awb-caption-title-line-height:var(--h2_typography-line-height);--awb-caption-title-letter-spacing:var(--h2_typography-letter-spacing);\"><span class=\" fusion-imageframe imageframe-none imageframe-1 hover-type-none fusion-animated\" style=\"border-radius:5px;\" data-animationType=\"fadeInLeft\" data-animationDuration=\"1\" data-animationOffset=\"top-into-view\"><img decoding=\"async\" width=\"562\" height=\"348\" title=\"jlm_produits_cardio_ms-12-blue\" src=\"https:\/\/jlmmedical.fr\/wp-content\/uploads\/2016\/09\/JLM_Produits_Cardio_MS-12-blue.jpg\" alt class=\"img-responsive wp-image-13329\" srcset=\"https:\/\/jlmmedical.fr\/wp-content\/uploads\/2016\/09\/JLM_Produits_Cardio_MS-12-blue-200x124.jpg 200w, https:\/\/jlmmedical.fr\/wp-content\/uploads\/2016\/09\/JLM_Produits_Cardio_MS-12-blue-400x248.jpg 400w, https:\/\/jlmmedical.fr\/wp-content\/uploads\/2016\/09\/JLM_Produits_Cardio_MS-12-blue.jpg 562w\" sizes=\"(max-width: 1100px) 100vw, 562px\" \/><\/span><\/div><div class=\"fusion-clearfix\"><\/div><\/div><\/div><div class=\"fusion-layout-column fusion_builder_column fusion-builder-column-2 fusion_builder_column_1_2 1_2 fusion-one-half fusion-column-last\" style=\"--awb-bg-size:cover;width:48%;\"><div class=\"fusion-column-wrapper fusion-flex-column-wrapper-legacy\"><div class=\"fusion-text fusion-text-2\"><h3>MS-12 Blue ECG sans fil<\/h3>\n<\/div><div class=\"fusion-sep-clear\"><\/div><div class=\"fusion-separator fusion-full-width-sep\" style=\"margin-left: auto;margin-right: auto;margin-top:5px;margin-bottom:5px;width:100%;\"><\/div><div class=\"fusion-sep-clear\"><\/div><div class=\"fusion-text fusion-text-3\"><p>Lib\u00e9rez-vous des c\u00e2bles USB avec l\u2019ECG sans fil permettant de r\u00e9aliser les ECG en toute tranquillit\u00e9.<\/p>\n<\/div><div class=\"fusion-sep-clear\"><\/div><div class=\"fusion-separator fusion-full-width-sep\" style=\"margin-left: auto;margin-right: auto;margin-top:10px;margin-bottom:10px;width:100%;\"><\/div><div class=\"fusion-sep-clear\"><\/div><div class=\"fusion-alignleft\"><a class=\"fusion-button button-flat button-large button-custom fusion-button-default button-1 fusion-button-default-span \" style=\"--button_accent_color:#6797be;--button_accent_hover_color:#ffffff;--button_border_hover_color:#ffffff;--button_border_width-top:1px;--button_border_width-right:1px;--button_border_width-bottom:1px;--button_border_width-left:1px;--button_gradient_top_color:transparent;--button_gradient_bottom_color:transparent;--button_gradient_top_color_hover:#6797be;--button_gradient_bottom_color_hover:#6797be;\" target=\"_blank\" rel=\"noopener noreferrer\" href=\"https:\/\/jlmmedical.fr\/wp-content\/fiches%20produits\/MS-12_BLUE_V12.pdf\"><span class=\"fusion-button-text awb-button__text awb-button__text--default\">T\u00e9l\u00e9charger la fiche produit<\/span><\/a><\/div><div class=\"fusion-clearfix\"><\/div><\/div><\/div><\/div><\/div>\n<div class=\"fusion-fullwidth fullwidth-box fusion-builder-row-3 nonhundred-percent-fullwidth non-hundred-percent-height-scrolling\" style=\"--awb-background-position:left top;--awb-border-radius-top-left:0px;--awb-border-radius-top-right:0px;--awb-border-radius-bottom-right:0px;--awb-border-radius-bottom-left:0px;--awb-padding-top:20px;--awb-padding-bottom:20px;--awb-border-sizes-top:0px;--awb-border-sizes-bottom:0px;--awb-flex-wrap:wrap;\" ><div class=\"fusion-builder-row fusion-row\"><div class=\"fusion-layout-column fusion_builder_column fusion-builder-column-3 fusion_builder_column_1_2 1_2 fusion-one-half fusion-column-first\" style=\"--awb-bg-size:cover;width:48%; margin-right: 4%;\"><div class=\"fusion-column-wrapper fusion-flex-column-wrapper-legacy\"><div class=\"fusion-image-element in-legacy-container\" style=\"--awb-caption-title-font-family:var(--h2_typography-font-family);--awb-caption-title-font-weight:var(--h2_typography-font-weight);--awb-caption-title-font-style:var(--h2_typography-font-style);--awb-caption-title-size:var(--h2_typography-font-size);--awb-caption-title-transform:var(--h2_typography-text-transform);--awb-caption-title-line-height:var(--h2_typography-line-height);--awb-caption-title-letter-spacing:var(--h2_typography-letter-spacing);\"><span class=\" fusion-imageframe imageframe-none imageframe-2 hover-type-none fusion-animated\" style=\"border-radius:5px;\" data-animationType=\"fadeInLeft\" data-animationDuration=\"1\" data-animationOffset=\"top-into-view\"><img decoding=\"async\" width=\"300\" height=\"297\" title=\"schiller_ms_12_usb\" src=\"https:\/\/jlmmedical.fr\/wp-content\/uploads\/2023\/03\/schiller_ms_12_usb-300x297.jpg\" alt class=\"img-responsive wp-image-13693\" srcset=\"https:\/\/jlmmedical.fr\/wp-content\/uploads\/2023\/03\/schiller_ms_12_usb-200x198.jpg 200w, https:\/\/jlmmedical.fr\/wp-content\/uploads\/2023\/03\/schiller_ms_12_usb.jpg 320w\" sizes=\"(max-width: 1100px) 100vw, 300px\" \/><\/span><\/div><div class=\"fusion-clearfix\"><\/div><\/div><\/div><div class=\"fusion-layout-column fusion_builder_column fusion-builder-column-4 fusion_builder_column_1_2 1_2 fusion-one-half fusion-column-last\" style=\"--awb-bg-size:cover;width:48%;\"><div class=\"fusion-column-wrapper fusion-flex-column-wrapper-legacy\"><div class=\"fusion-text fusion-text-4\"><h3>MS-12 USB<\/h3>\n<\/div><div class=\"fusion-sep-clear\"><\/div><div class=\"fusion-separator fusion-full-width-sep\" style=\"margin-left: auto;margin-right: auto;margin-top:5px;margin-bottom:5px;width:100%;\"><\/div><div class=\"fusion-sep-clear\"><\/div><div class=\"fusion-text fusion-text-5\"><p>L\u2019ECG MS-12 USB gr\u00e2ce \u00e0 son faible poids, peut s\u2019adapter \u00e0 toutes les configurations d\u2019examen possibles.<\/p>\n<\/div><div class=\"fusion-sep-clear\"><\/div><div class=\"fusion-separator fusion-full-width-sep\" style=\"margin-left: auto;margin-right: auto;margin-top:10px;margin-bottom:10px;width:100%;\"><\/div><div class=\"fusion-sep-clear\"><\/div><div class=\"fusion-alignleft\"><a class=\"fusion-button button-flat button-large button-custom fusion-button-default button-2 fusion-button-default-span \" style=\"--button_accent_color:#6797be;--button_accent_hover_color:#ffffff;--button_border_hover_color:#ffffff;--button_border_width-top:1px;--button_border_width-right:1px;--button_border_width-bottom:1px;--button_border_width-left:1px;--button_gradient_top_color:transparent;--button_gradient_bottom_color:transparent;--button_gradient_top_color_hover:#6797be;--button_gradient_bottom_color_hover:#6797be;\" target=\"_blank\" rel=\"noopener noreferrer\" href=\"https:\/\/jlmmedical.fr\/wp-content\/fiches%20produits\/MS-12_USB_V12.pdf\"><span class=\"fusion-button-text awb-button__text awb-button__text--default\">T\u00e9l\u00e9charger la fiche produit<\/span><\/a><\/div><div class=\"fusion-clearfix\"><\/div><\/div><\/div><\/div><\/div>\n<div class=\"fusion-fullwidth fullwidth-box fusion-builder-row-4 nonhundred-percent-fullwidth non-hundred-percent-height-scrolling\" style=\"--awb-background-position:left top;--awb-border-radius-top-left:0px;--awb-border-radius-top-right:0px;--awb-border-radius-bottom-right:0px;--awb-border-radius-bottom-left:0px;--awb-padding-top:20px;--awb-padding-bottom:20px;--awb-background-color:#efefef;--awb-border-sizes-top:0px;--awb-border-sizes-bottom:0px;--awb-flex-wrap:wrap;\" ><div class=\"fusion-builder-row fusion-row\"><div class=\"fusion-layout-column fusion_builder_column fusion-builder-column-5 fusion_builder_column_1_2 1_2 fusion-one-half fusion-column-first\" style=\"--awb-bg-size:cover;width:48%; margin-right: 4%;\"><div class=\"fusion-column-wrapper fusion-flex-column-wrapper-legacy\"><div class=\"fusion-image-element in-legacy-container\" style=\"--awb-caption-title-font-family:var(--h2_typography-font-family);--awb-caption-title-font-weight:var(--h2_typography-font-weight);--awb-caption-title-font-style:var(--h2_typography-font-style);--awb-caption-title-size:var(--h2_typography-font-size);--awb-caption-title-transform:var(--h2_typography-text-transform);--awb-caption-title-line-height:var(--h2_typography-line-height);--awb-caption-title-letter-spacing:var(--h2_typography-letter-spacing);\"><span class=\" fusion-imageframe imageframe-none imageframe-3 hover-type-none fusion-animated\" style=\"border-radius:5px;\" data-animationType=\"fadeInLeft\" data-animationDuration=\"1\" data-animationOffset=\"top-into-view\"><img decoding=\"async\" width=\"193\" height=\"300\" title=\"Cardioplug\" src=\"https:\/\/jlmmedical.fr\/wp-content\/uploads\/2023\/03\/Cardioplug-193x300.png\" alt class=\"img-responsive wp-image-13659\" srcset=\"https:\/\/jlmmedical.fr\/wp-content\/uploads\/2023\/03\/Cardioplug-200x311.png 200w, https:\/\/jlmmedical.fr\/wp-content\/uploads\/2023\/03\/Cardioplug-400x623.png 400w, https:\/\/jlmmedical.fr\/wp-content\/uploads\/2023\/03\/Cardioplug.png 571w\" sizes=\"(max-width: 1100px) 100vw, 193px\" \/><\/span><\/div><div class=\"fusion-clearfix\"><\/div><\/div><\/div><div class=\"fusion-layout-column fusion_builder_column fusion-builder-column-6 fusion_builder_column_1_2 1_2 fusion-one-half fusion-column-last\" style=\"--awb-bg-size:cover;width:48%;\"><div class=\"fusion-column-wrapper fusion-flex-column-wrapper-legacy\"><div class=\"fusion-text fusion-text-6\"><h3>Cardioplug 2<\/h3>\n<\/div><div class=\"fusion-sep-clear\"><\/div><div class=\"fusion-separator fusion-full-width-sep\" style=\"margin-left: auto;margin-right: auto;margin-top:5px;margin-bottom:5px;width:100%;\"><\/div><div class=\"fusion-sep-clear\"><\/div><div class=\"fusion-text fusion-text-7\"><p>L\u2019appareil ECG CardioPlug 2 est un syst\u00e8me d\u2019acquisition d\u2019\u00e9lectrocardiogramme num\u00e9rique USB. L\u00e9ger, facile \u00e0 utiliser et \u00e0 ranger, celui-ci vous permettra de travailler de mani\u00e8re optimale.<\/p>\n<\/div><div class=\"fusion-sep-clear\"><\/div><div class=\"fusion-separator fusion-full-width-sep\" style=\"margin-left: auto;margin-right: auto;margin-top:10px;margin-bottom:10px;width:100%;\"><\/div><div class=\"fusion-sep-clear\"><\/div><div class=\"fusion-alignleft\"><a class=\"fusion-button button-flat button-large button-custom fusion-button-default button-3 fusion-button-default-span \" style=\"--button_accent_color:#6797be;--button_accent_hover_color:#ffffff;--button_border_hover_color:#ffffff;--button_border_width-top:1px;--button_border_width-right:1px;--button_border_width-bottom:1px;--button_border_width-left:1px;--button_gradient_top_color:transparent;--button_gradient_bottom_color:transparent;--button_gradient_top_color_hover:#6797be;--button_gradient_bottom_color_hover:#6797be;\" target=\"_blank\" rel=\"noopener noreferrer\" href=\"https:\/\/jlmmedical.fr\/wp-content\/fiches%20produits\/CARDIOPLUG_V6.pdf\"><span class=\"fusion-button-text awb-button__text awb-button__text--default\">T\u00e9l\u00e9charger la fiche produit<\/span><\/a><\/div><div class=\"fusion-clearfix\"><\/div><\/div><\/div><\/div><\/div>\n<div class=\"fusion-fullwidth fullwidth-box fusion-builder-row-5 nonhundred-percent-fullwidth non-hundred-percent-height-scrolling\" style=\"--awb-background-position:left top;--awb-border-radius-top-left:0px;--awb-border-radius-top-right:0px;--awb-border-radius-bottom-right:0px;--awb-border-radius-bottom-left:0px;--awb-padding-top:20px;--awb-padding-bottom:20px;--awb-border-sizes-top:0px;--awb-border-sizes-bottom:0px;--awb-flex-wrap:wrap;\" ><div class=\"fusion-builder-row fusion-row\"><div class=\"fusion-layout-column fusion_builder_column fusion-builder-column-7 fusion_builder_column_1_2 1_2 fusion-one-half fusion-column-first\" style=\"--awb-bg-size:cover;width:48%; margin-right: 4%;\"><div class=\"fusion-column-wrapper fusion-flex-column-wrapper-legacy\"><div class=\"fusion-image-element in-legacy-container\" style=\"--awb-caption-title-font-family:var(--h2_typography-font-family);--awb-caption-title-font-weight:var(--h2_typography-font-weight);--awb-caption-title-font-style:var(--h2_typography-font-style);--awb-caption-title-size:var(--h2_typography-font-size);--awb-caption-title-transform:var(--h2_typography-text-transform);--awb-caption-title-line-height:var(--h2_typography-line-height);--awb-caption-title-letter-spacing:var(--h2_typography-letter-spacing);\"><span class=\" fusion-imageframe imageframe-none imageframe-4 hover-type-none fusion-animated\" style=\"border-radius:5px;\" data-animationType=\"fadeInLeft\" data-animationDuration=\"1\" data-animationOffset=\"top-into-view\"><img decoding=\"async\" width=\"562\" height=\"348\" title=\"jlm_produits_cardio_ceinture-ecg\" src=\"https:\/\/jlmmedical.fr\/wp-content\/uploads\/2016\/09\/JLM_Produits_Cardio_Ceinture-ECG.jpg\" alt class=\"img-responsive wp-image-13324\" srcset=\"https:\/\/jlmmedical.fr\/wp-content\/uploads\/2016\/09\/JLM_Produits_Cardio_Ceinture-ECG-200x124.jpg 200w, https:\/\/jlmmedical.fr\/wp-content\/uploads\/2016\/09\/JLM_Produits_Cardio_Ceinture-ECG-400x248.jpg 400w, https:\/\/jlmmedical.fr\/wp-content\/uploads\/2016\/09\/JLM_Produits_Cardio_Ceinture-ECG.jpg 562w\" sizes=\"(max-width: 1100px) 100vw, 562px\" \/><\/span><\/div><div class=\"fusion-clearfix\"><\/div><\/div><\/div><div class=\"fusion-layout-column fusion_builder_column fusion-builder-column-8 fusion_builder_column_1_2 1_2 fusion-one-half fusion-column-last\" style=\"--awb-bg-size:cover;width:48%;\"><div class=\"fusion-column-wrapper fusion-flex-column-wrapper-legacy\"><div class=\"fusion-text fusion-text-8\"><h3>Ceinture ECG<\/h3>\n<\/div><div class=\"fusion-sep-clear\"><\/div><div class=\"fusion-separator fusion-full-width-sep\" style=\"margin-left: auto;margin-right: auto;margin-top:5px;margin-bottom:5px;width:100%;\"><\/div><div class=\"fusion-sep-clear\"><\/div><div class=\"fusion-text fusion-text-9\"><p>Connectable sur tout appareils de cardio. Placement simple et rapide des \u00e9lectrodes.<\/p>\n<\/div><div class=\"fusion-sep-clear\"><\/div><div class=\"fusion-separator fusion-full-width-sep\" style=\"margin-left: auto;margin-right: auto;margin-top:10px;margin-bottom:10px;width:100%;\"><\/div><div class=\"fusion-sep-clear\"><\/div><div class=\"fusion-alignleft\"><a class=\"fusion-button button-flat button-large button-custom fusion-button-default button-4 fusion-button-default-span \" style=\"--button_accent_color:#6797be;--button_accent_hover_color:#ffffff;--button_border_hover_color:#ffffff;--button_border_width-top:1px;--button_border_width-right:1px;--button_border_width-bottom:1px;--button_border_width-left:1px;--button_gradient_top_color:transparent;--button_gradient_bottom_color:transparent;--button_gradient_top_color_hover:#6797be;--button_gradient_bottom_color_hover:#6797be;\" target=\"_blank\" rel=\"noopener noreferrer\" href=\"https:\/\/jlmmedical.fr\/wp-content\/fiches%20produits\/ceintures-ecg.pdf\"><span class=\"fusion-button-text awb-button__text awb-button__text--default\">T\u00e9l\u00e9charger la fiche produit<\/span><\/a><\/div><div class=\"fusion-clearfix\"><\/div><\/div><\/div><\/div><\/div>\n","protected":false},"excerpt":{"rendered":"","protected":false},"author":2,"featured_media":0,"parent":0,"menu_order":0,"comment_status":"closed","ping_status":"closed","template":"100-width.php","meta":{"footnotes":""},"class_list":["post-13067","page","type-page","status-publish","hentry"],"yoast_head":"<!-- This site is optimized with the Yoast SEO plugin v25.1 - https:\/\/yoast.com\/wordpress\/plugins\/seo\/ -->\n<title>ECG JLM M\u00e9dical : Services et \u00e9quipements de diagnostic m\u00e9dical<\/title>\n<meta name=\"description\" content=\"JLM M\u00e9dical : LE SPECIALISTE DES SERVICES ET DES EQUIPEMENTS DE DIAGNOSTIC MEDICAL.\" \/>\n<meta name=\"robots\" content=\"index, follow, max-snippet:-1, max-image-preview:large, max-video-preview:-1\" \/>\n<link rel=\"canonical\" href=\"https:\/\/jlmmedical.fr\/?page_id=13067\" \/>\n<meta property=\"og:locale\" content=\"fr_FR\" \/>\n<meta property=\"og:type\" content=\"article\" \/>\n<meta property=\"og:title\" content=\"ECG JLM M\u00e9dical : Services et \u00e9quipements de diagnostic m\u00e9dical\" \/>\n<meta property=\"og:description\" content=\"JLM M\u00e9dical : LE SPECIALISTE DES SERVICES ET DES EQUIPEMENTS DE DIAGNOSTIC MEDICAL.\" \/>\n<meta property=\"og:url\" content=\"https:\/\/jlmmedical.fr\/?page_id=13067\" \/>\n<meta property=\"og:site_name\" content=\"JLM Medical\" \/>\n<meta property=\"article:modified_time\" content=\"2025-05-20T09:46:19+00:00\" \/>\n<meta property=\"og:image\" content=\"http:\/\/jlmmedical.fr\/wp-content\/uploads\/2016\/09\/JLM_Produits_Cardio_MS-12-blue.jpg\" \/>\n<meta name=\"twitter:card\" content=\"summary_large_image\" \/>\n<meta name=\"twitter:label1\" content=\"Dur\u00e9e de lecture estim\u00e9e\" \/>\n\t<meta name=\"twitter:data1\" content=\"5 minutes\" \/>\n<script type=\"application\/ld+json\" class=\"yoast-schema-graph\">{\"@context\":\"https:\/\/schema.org\",\"@graph\":[{\"@type\":\"WebPage\",\"@id\":\"https:\/\/jlmmedical.fr\/?page_id=13067\",\"url\":\"https:\/\/jlmmedical.fr\/?page_id=13067\",\"name\":\"ECG JLM M\u00e9dical : Services et \u00e9quipements de diagnostic m\u00e9dical\",\"isPartOf\":{\"@id\":\"https:\/\/jlmmedical.fr\/#website\"},\"primaryImageOfPage\":{\"@id\":\"https:\/\/jlmmedical.fr\/?page_id=13067#primaryimage\"},\"image\":{\"@id\":\"https:\/\/jlmmedical.fr\/?page_id=13067#primaryimage\"},\"thumbnailUrl\":\"http:\/\/jlmmedical.fr\/wp-content\/uploads\/2016\/09\/JLM_Produits_Cardio_MS-12-blue.jpg\",\"datePublished\":\"2016-09-11T21:28:54+00:00\",\"dateModified\":\"2025-05-20T09:46:19+00:00\",\"description\":\"JLM M\u00e9dical : LE SPECIALISTE DES SERVICES ET DES EQUIPEMENTS DE DIAGNOSTIC MEDICAL.\",\"breadcrumb\":{\"@id\":\"https:\/\/jlmmedical.fr\/?page_id=13067#breadcrumb\"},\"inLanguage\":\"fr-FR\",\"potentialAction\":[{\"@type\":\"ReadAction\",\"target\":[\"https:\/\/jlmmedical.fr\/?page_id=13067\"]}]},{\"@type\":\"ImageObject\",\"inLanguage\":\"fr-FR\",\"@id\":\"https:\/\/jlmmedical.fr\/?page_id=13067#primaryimage\",\"url\":\"http:\/\/jlmmedical.fr\/wp-content\/uploads\/2016\/09\/JLM_Produits_Cardio_MS-12-blue.jpg\",\"contentUrl\":\"http:\/\/jlmmedical.fr\/wp-content\/uploads\/2016\/09\/JLM_Produits_Cardio_MS-12-blue.jpg\"},{\"@type\":\"BreadcrumbList\",\"@id\":\"https:\/\/jlmmedical.fr\/?page_id=13067#breadcrumb\",\"itemListElement\":[{\"@type\":\"ListItem\",\"position\":1,\"name\":\"Accueil\",\"item\":\"https:\/\/jlmmedical.fr\/\"},{\"@type\":\"ListItem\",\"position\":2,\"name\":\"ECG\"}]},{\"@type\":\"WebSite\",\"@id\":\"https:\/\/jlmmedical.fr\/#website\",\"url\":\"https:\/\/jlmmedical.fr\/\",\"name\":\"JLM Medical\",\"description\":\"\",\"potentialAction\":[{\"@type\":\"SearchAction\",\"target\":{\"@type\":\"EntryPoint\",\"urlTemplate\":\"https:\/\/jlmmedical.fr\/?s={search_term_string}\"},\"query-input\":{\"@type\":\"PropertyValueSpecification\",\"valueRequired\":true,\"valueName\":\"search_term_string\"}}],\"inLanguage\":\"fr-FR\"}]}<\/script>\n<!-- \/ Yoast SEO plugin. -->","yoast_head_json":{"title":"ECG JLM M\u00e9dical : Services et \u00e9quipements de diagnostic m\u00e9dical","description":"JLM M\u00e9dical : LE SPECIALISTE DES SERVICES ET DES EQUIPEMENTS DE DIAGNOSTIC MEDICAL.","robots":{"index":"index","follow":"follow","max-snippet":"max-snippet:-1","max-image-preview":"max-image-preview:large","max-video-preview":"max-video-preview:-1"},"canonical":"https:\/\/jlmmedical.fr\/?page_id=13067","og_locale":"fr_FR","og_type":"article","og_title":"ECG JLM M\u00e9dical : Services et \u00e9quipements de diagnostic m\u00e9dical","og_description":"JLM M\u00e9dical : LE SPECIALISTE DES SERVICES ET DES EQUIPEMENTS DE DIAGNOSTIC MEDICAL.","og_url":"https:\/\/jlmmedical.fr\/?page_id=13067","og_site_name":"JLM Medical","article_modified_time":"2025-05-20T09:46:19+00:00","og_image":[{"url":"http:\/\/jlmmedical.fr\/wp-content\/uploads\/2016\/09\/JLM_Produits_Cardio_MS-12-blue.jpg","type":"","width":"","height":""}],"twitter_card":"summary_large_image","twitter_misc":{"Dur\u00e9e de lecture estim\u00e9e":"5 minutes"},"schema":{"@context":"https:\/\/schema.org","@graph":[{"@type":"WebPage","@id":"https:\/\/jlmmedical.fr\/?page_id=13067","url":"https:\/\/jlmmedical.fr\/?page_id=13067","name":"ECG JLM M\u00e9dical : Services et \u00e9quipements de diagnostic m\u00e9dical","isPartOf":{"@id":"https:\/\/jlmmedical.fr\/#website"},"primaryImageOfPage":{"@id":"https:\/\/jlmmedical.fr\/?page_id=13067#primaryimage"},"image":{"@id":"https:\/\/jlmmedical.fr\/?page_id=13067#primaryimage"},"thumbnailUrl":"http:\/\/jlmmedical.fr\/wp-content\/uploads\/2016\/09\/JLM_Produits_Cardio_MS-12-blue.jpg","datePublished":"2016-09-11T21:28:54+00:00","dateModified":"2025-05-20T09:46:19+00:00","description":"JLM M\u00e9dical : LE SPECIALISTE DES SERVICES ET DES EQUIPEMENTS DE DIAGNOSTIC MEDICAL.","breadcrumb":{"@id":"https:\/\/jlmmedical.fr\/?page_id=13067#breadcrumb"},"inLanguage":"fr-FR","potentialAction":[{"@type":"ReadAction","target":["https:\/\/jlmmedical.fr\/?page_id=13067"]}]},{"@type":"ImageObject","inLanguage":"fr-FR","@id":"https:\/\/jlmmedical.fr\/?page_id=13067#primaryimage","url":"http:\/\/jlmmedical.fr\/wp-content\/uploads\/2016\/09\/JLM_Produits_Cardio_MS-12-blue.jpg","contentUrl":"http:\/\/jlmmedical.fr\/wp-content\/uploads\/2016\/09\/JLM_Produits_Cardio_MS-12-blue.jpg"},{"@type":"BreadcrumbList","@id":"https:\/\/jlmmedical.fr\/?page_id=13067#breadcrumb","itemListElement":[{"@type":"ListItem","position":1,"name":"Accueil","item":"https:\/\/jlmmedical.fr\/"},{"@type":"ListItem","position":2,"name":"ECG"}]},{"@type":"WebSite","@id":"https:\/\/jlmmedical.fr\/#website","url":"https:\/\/jlmmedical.fr\/","name":"JLM Medical","description":"","potentialAction":[{"@type":"SearchAction","target":{"@type":"EntryPoint","urlTemplate":"https:\/\/jlmmedical.fr\/?s={search_term_string}"},"query-input":{"@type":"PropertyValueSpecification","valueRequired":true,"valueName":"search_term_string"}}],"inLanguage":"fr-FR"}]}},"_links":{"self":[{"href":"https:\/\/jlmmedical.fr\/index.php?rest_route=\/wp\/v2\/pages\/13067","targetHints":{"allow":["GET"]}}],"collection":[{"href":"https:\/\/jlmmedical.fr\/index.php?rest_route=\/wp\/v2\/pages"}],"about":[{"href":"https:\/\/jlmmedical.fr\/index.php?rest_route=\/wp\/v2\/types\/page"}],"author":[{"embeddable":true,"href":"https:\/\/jlmmedical.fr\/index.php?rest_route=\/wp\/v2\/users\/2"}],"replies":[{"embeddable":true,"href":"https:\/\/jlmmedical.fr\/index.php?rest_route=%2Fwp%2Fv2%2Fcomments&post=13067"}],"version-history":[{"count":15,"href":"https:\/\/jlmmedical.fr\/index.php?rest_route=\/wp\/v2\/pages\/13067\/revisions"}],"predecessor-version":[{"id":13715,"href":"https:\/\/jlmmedical.fr\/index.php?rest_route=\/wp\/v2\/pages\/13067\/revisions\/13715"}],"wp:attachment":[{"href":"https:\/\/jlmmedical.fr\/index.php?rest_route=%2Fwp%2Fv2%2Fmedia&parent=13067"}],"curies":[{"name":"wp","href":"https:\/\/api.w.org\/{rel}","templated":true}]}}