{"id":13045,"date":"2016-09-11T20:48:37","date_gmt":"2016-09-11T20:48:37","guid":{"rendered":"https:\/\/jlmmedical.fr\/?page_id=13045"},"modified":"2025-05-20T09:46:19","modified_gmt":"2025-05-20T09:46:19","slug":"produits-audiometrie","status":"publish","type":"page","link":"https:\/\/jlmmedical.fr\/?page_id=13045","title":{"rendered":"Audio"},"content":{"rendered":"<div class=\"fusion-fullwidth fullwidth-box fusion-builder-row-1 nonhundred-percent-fullwidth non-hundred-percent-height-scrolling\" style=\"--awb-background-position:left top;--awb-border-radius-top-left:0px;--awb-border-radius-top-right:0px;--awb-border-radius-bottom-right:0px;--awb-border-radius-bottom-left:0px;--awb-padding-top:5px;--awb-padding-bottom:5px;--awb-border-sizes-top:0px;--awb-border-sizes-bottom:0px;--awb-flex-wrap:wrap;\" ><div class=\"fusion-builder-row fusion-row\"><div class=\"fusion-layout-column fusion_builder_column fusion-builder-column-0 fusion_builder_column_1_1 1_1 fusion-one-full fusion-column-first fusion-column-last fusion-column-no-min-height\" style=\"--awb-bg-size:cover;--awb-margin-bottom:0px;\"><div class=\"fusion-column-wrapper fusion-flex-column-wrapper-legacy\"><div class=\"fusion-text fusion-text-1\"><h1 style=\"text-align: center;\">Audiom\u00e9trie<\/h1>\n<\/div><div class=\"fusion-clearfix\"><\/div><\/div><\/div><\/div><\/div>\n<div class=\"fusion-fullwidth fullwidth-box fusion-builder-row-2 nonhundred-percent-fullwidth non-hundred-percent-height-scrolling\" style=\"--awb-background-position:left top;--awb-border-radius-top-left:0px;--awb-border-radius-top-right:0px;--awb-border-radius-bottom-right:0px;--awb-border-radius-bottom-left:0px;--awb-padding-top:20px;--awb-padding-bottom:20px;--awb-background-color:#efefef;--awb-border-sizes-top:0px;--awb-border-sizes-bottom:0px;--awb-flex-wrap:wrap;\" ><div class=\"fusion-builder-row fusion-row\"><div class=\"fusion-layout-column fusion_builder_column fusion-builder-column-1 fusion_builder_column_1_2 1_2 fusion-one-half fusion-column-first\" style=\"--awb-bg-size:cover;width:48%; margin-right: 4%;\"><div class=\"fusion-column-wrapper fusion-flex-column-wrapper-legacy\"><div class=\"fusion-image-element in-legacy-container\" style=\"--awb-caption-title-font-family:var(--h2_typography-font-family);--awb-caption-title-font-weight:var(--h2_typography-font-weight);--awb-caption-title-font-style:var(--h2_typography-font-style);--awb-caption-title-size:var(--h2_typography-font-size);--awb-caption-title-transform:var(--h2_typography-text-transform);--awb-caption-title-line-height:var(--h2_typography-line-height);--awb-caption-title-letter-spacing:var(--h2_typography-letter-spacing);\"><span class=\" fusion-imageframe imageframe-none imageframe-1 hover-type-none fusion-animated\" style=\"border-radius:5px;\" data-animationType=\"fadeInLeft\" data-animationDuration=\"1\" data-animationOffset=\"top-into-view\"><img decoding=\"async\" width=\"225\" height=\"300\" title=\"Audio_Peltor\" src=\"https:\/\/jlmmedical.fr\/wp-content\/uploads\/2023\/03\/Audio_Peltor-225x300.png\" alt class=\"img-responsive wp-image-13666\" srcset=\"https:\/\/jlmmedical.fr\/wp-content\/uploads\/2023\/03\/Audio_Peltor-200x267.png 200w, https:\/\/jlmmedical.fr\/wp-content\/uploads\/2023\/03\/Audio_Peltor-400x533.png 400w, https:\/\/jlmmedical.fr\/wp-content\/uploads\/2023\/03\/Audio_Peltor-600x800.png 600w, https:\/\/jlmmedical.fr\/wp-content\/uploads\/2023\/03\/Audio_Peltor.png 756w\" sizes=\"(max-width: 1100px) 100vw, 225px\" \/><\/span><\/div><div class=\"fusion-clearfix\"><\/div><\/div><\/div><div class=\"fusion-layout-column fusion_builder_column fusion-builder-column-2 fusion_builder_column_1_2 1_2 fusion-one-half fusion-column-last\" style=\"--awb-bg-size:cover;width:48%;\"><div class=\"fusion-column-wrapper fusion-flex-column-wrapper-legacy\"><div class=\"fusion-text fusion-text-2\"><h3>AD 2100 : Audiom\u00e8tre informatis\u00e9<\/h3>\n<\/div><div class=\"fusion-sep-clear\"><\/div><div class=\"fusion-separator fusion-full-width-sep\" style=\"margin-left: auto;margin-right: auto;margin-top:5px;margin-bottom:5px;width:100%;\"><\/div><div class=\"fusion-sep-clear\"><\/div><div class=\"fusion-text fusion-text-3\"><p>11 fr\u00e9quences de 125 \u00e0 8000 Hz, -10 \u00e0 100 dB, exploration standard ou Bekezy, mode automatique ou manuel.<\/p>\n<\/div><div class=\"fusion-sep-clear\"><\/div><div class=\"fusion-separator fusion-full-width-sep\" style=\"margin-left: auto;margin-right: auto;margin-top:10px;margin-bottom:10px;width:100%;\"><\/div><div class=\"fusion-sep-clear\"><\/div><div class=\"fusion-alignleft\"><a class=\"fusion-button button-flat button-large button-custom fusion-button-default button-1 fusion-button-default-span \" style=\"--button_accent_color:#6797be;--button_accent_hover_color:#ffffff;--button_border_hover_color:#ffffff;--button_border_width-top:1px;--button_border_width-right:1px;--button_border_width-bottom:1px;--button_border_width-left:1px;--button_gradient_top_color:transparent;--button_gradient_bottom_color:transparent;--button_gradient_top_color_hover:#6797be;--button_gradient_bottom_color_hover:#6797be;\" target=\"_blank\" rel=\"noopener noreferrer\" href=\"https:\/\/jlmmedical.fr\/wp-content\/fiches%20produits\/AD2100_V12.pdf\"><span class=\"fusion-button-text awb-button__text awb-button__text--default\">T\u00e9l\u00e9charger la fiche produit<\/span><\/a><\/div><div class=\"fusion-clearfix\"><\/div><\/div><\/div><\/div><\/div>\n<div class=\"fusion-fullwidth fullwidth-box fusion-builder-row-3 nonhundred-percent-fullwidth non-hundred-percent-height-scrolling\" style=\"--awb-background-position:left top;--awb-border-radius-top-left:0px;--awb-border-radius-top-right:0px;--awb-border-radius-bottom-right:0px;--awb-border-radius-bottom-left:0px;--awb-padding-top:20px;--awb-padding-bottom:20px;--awb-border-sizes-top:0px;--awb-border-sizes-bottom:0px;--awb-flex-wrap:wrap;\" ><div class=\"fusion-builder-row fusion-row\"><div class=\"fusion-layout-column fusion_builder_column fusion-builder-column-3 fusion_builder_column_1_2 1_2 fusion-one-half fusion-column-first\" style=\"--awb-bg-size:cover;width:48%; margin-right: 4%;\"><div class=\"fusion-column-wrapper fusion-flex-column-wrapper-legacy\"><div class=\"fusion-image-element in-legacy-container\" style=\"--awb-caption-title-font-family:var(--h2_typography-font-family);--awb-caption-title-font-weight:var(--h2_typography-font-weight);--awb-caption-title-font-style:var(--h2_typography-font-style);--awb-caption-title-size:var(--h2_typography-font-size);--awb-caption-title-transform:var(--h2_typography-text-transform);--awb-caption-title-line-height:var(--h2_typography-line-height);--awb-caption-title-letter-spacing:var(--h2_typography-letter-spacing);\"><span class=\" fusion-imageframe imageframe-none imageframe-2 hover-type-none fusion-animated\" style=\"border-radius:5px;\" data-animationType=\"fadeInLeft\" data-animationDuration=\"1\" data-animationOffset=\"top-into-view\"><img decoding=\"async\" width=\"274\" height=\"300\" title=\"Premium\" src=\"https:\/\/jlmmedical.fr\/wp-content\/uploads\/2023\/03\/Premium-274x300.jpg\" alt class=\"img-responsive wp-image-13684\" srcset=\"https:\/\/jlmmedical.fr\/wp-content\/uploads\/2023\/03\/Premium-200x219.jpg 200w, https:\/\/jlmmedical.fr\/wp-content\/uploads\/2023\/03\/Premium.jpg 398w\" sizes=\"(max-width: 1100px) 100vw, 274px\" \/><\/span><\/div><div class=\"fusion-clearfix\"><\/div><\/div><\/div><div class=\"fusion-layout-column fusion_builder_column fusion-builder-column-4 fusion_builder_column_1_2 1_2 fusion-one-half fusion-column-last\" style=\"--awb-bg-size:cover;width:48%;\"><div class=\"fusion-column-wrapper fusion-flex-column-wrapper-legacy\"><div class=\"fusion-text fusion-text-4\"><h3>Cabines audio Premium<\/h3>\n<\/div><div class=\"fusion-sep-clear\"><\/div><div class=\"fusion-separator fusion-full-width-sep\" style=\"margin-left: auto;margin-right: auto;margin-top:5px;margin-bottom:5px;width:100%;\"><\/div><div class=\"fusion-sep-clear\"><\/div><div class=\"fusion-text fusion-text-5\"><p>Derni\u00e8re g\u00e9n\u00e9ration de cabines, plus spacieuses, plus \u00e9l\u00e9gantes, en mat\u00e9riaux recycl\u00e9s.<\/p>\n<\/div><div class=\"fusion-sep-clear\"><\/div><div class=\"fusion-separator fusion-full-width-sep\" style=\"margin-left: auto;margin-right: auto;margin-top:10px;margin-bottom:10px;width:100%;\"><\/div><div class=\"fusion-sep-clear\"><\/div><div class=\"fusion-alignleft\"><a class=\"fusion-button button-flat button-large button-custom fusion-button-default button-2 fusion-button-default-span \" style=\"--button_accent_color:#6797be;--button_accent_hover_color:#ffffff;--button_border_hover_color:#ffffff;--button_border_width-top:1px;--button_border_width-right:1px;--button_border_width-bottom:1px;--button_border_width-left:1px;--button_gradient_top_color:transparent;--button_gradient_bottom_color:transparent;--button_gradient_top_color_hover:#6797be;--button_gradient_bottom_color_hover:#6797be;\" target=\"_blank\" rel=\"noopener noreferrer\" href=\"https:\/\/jlmmedical.fr\/wp-content\/fiches%20produits\/Cabine_Sibelmed_Premium_V12.pdf\"><span class=\"fusion-button-text awb-button__text awb-button__text--default\">T\u00e9l\u00e9charger la fiche produit<\/span><\/a><\/div><div class=\"fusion-clearfix\"><\/div><\/div><\/div><\/div><\/div>\n<div class=\"fusion-fullwidth fullwidth-box fusion-builder-row-4 nonhundred-percent-fullwidth non-hundred-percent-height-scrolling\" style=\"--awb-background-position:left top;--awb-border-radius-top-left:0px;--awb-border-radius-top-right:0px;--awb-border-radius-bottom-right:0px;--awb-border-radius-bottom-left:0px;--awb-padding-top:20px;--awb-padding-bottom:20px;--awb-background-color:#efefef;--awb-border-sizes-top:0px;--awb-border-sizes-bottom:0px;--awb-flex-wrap:wrap;\" ><div class=\"fusion-builder-row fusion-row\"><div class=\"fusion-layout-column fusion_builder_column fusion-builder-column-5 fusion_builder_column_1_2 1_2 fusion-one-half fusion-column-first\" style=\"--awb-bg-size:cover;width:48%; margin-right: 4%;\"><div class=\"fusion-column-wrapper fusion-flex-column-wrapper-legacy\"><div class=\"fusion-image-element in-legacy-container\" style=\"--awb-caption-title-font-family:var(--h2_typography-font-family);--awb-caption-title-font-weight:var(--h2_typography-font-weight);--awb-caption-title-font-style:var(--h2_typography-font-style);--awb-caption-title-size:var(--h2_typography-font-size);--awb-caption-title-transform:var(--h2_typography-text-transform);--awb-caption-title-line-height:var(--h2_typography-line-height);--awb-caption-title-letter-spacing:var(--h2_typography-letter-spacing);\"><span class=\" fusion-imageframe imageframe-none imageframe-3 hover-type-none fusion-animated\" style=\"border-radius:5px;\" data-animationType=\"fadeInLeft\" data-animationDuration=\"1\" data-animationOffset=\"top-into-view\"><img decoding=\"async\" width=\"562\" height=\"348\" title=\"jlm_produits_audio_cabine\" src=\"https:\/\/jlmmedical.fr\/wp-content\/uploads\/2016\/09\/JLM_Produits_Audio_Cabine.jpg\" alt class=\"img-responsive wp-image-13313\" srcset=\"https:\/\/jlmmedical.fr\/wp-content\/uploads\/2016\/09\/JLM_Produits_Audio_Cabine-200x124.jpg 200w, https:\/\/jlmmedical.fr\/wp-content\/uploads\/2016\/09\/JLM_Produits_Audio_Cabine-400x248.jpg 400w, https:\/\/jlmmedical.fr\/wp-content\/uploads\/2016\/09\/JLM_Produits_Audio_Cabine.jpg 562w\" sizes=\"(max-width: 1100px) 100vw, 562px\" \/><\/span><\/div><div class=\"fusion-clearfix\"><\/div><\/div><\/div><div class=\"fusion-layout-column fusion_builder_column fusion-builder-column-6 fusion_builder_column_1_2 1_2 fusion-one-half fusion-column-last\" style=\"--awb-bg-size:cover;width:48%;\"><div class=\"fusion-column-wrapper fusion-flex-column-wrapper-legacy\"><div class=\"fusion-text fusion-text-6\"><h3>Cabine audio : Gamme S40<\/h3>\n<\/div><div class=\"fusion-sep-clear\"><\/div><div class=\"fusion-separator fusion-full-width-sep\" style=\"margin-left: auto;margin-right: auto;margin-top:5px;margin-bottom:5px;width:100%;\"><\/div><div class=\"fusion-sep-clear\"><\/div><div class=\"fusion-text fusion-text-7\"><p>Une gamme de cabine de haute performance avec 4 mod\u00e8les standard, ou \u00ab sur-mesure \u00bb.<\/p>\n<\/div><div class=\"fusion-sep-clear\"><\/div><div class=\"fusion-separator fusion-full-width-sep\" style=\"margin-left: auto;margin-right: auto;margin-top:10px;margin-bottom:10px;width:100%;\"><\/div><div class=\"fusion-sep-clear\"><\/div><div class=\"fusion-alignleft\"><a class=\"fusion-button button-flat button-large button-custom fusion-button-default button-3 fusion-button-default-span \" style=\"--button_accent_color:#6797be;--button_accent_hover_color:#ffffff;--button_border_hover_color:#ffffff;--button_border_width-top:1px;--button_border_width-right:1px;--button_border_width-bottom:1px;--button_border_width-left:1px;--button_gradient_top_color:transparent;--button_gradient_bottom_color:transparent;--button_gradient_top_color_hover:#6797be;--button_gradient_bottom_color_hover:#6797be;\" target=\"_blank\" rel=\"noopener noreferrer\" href=\"https:\/\/jlmmedical.fr\/wp-content\/fiches%20produits\/Cabine_Sibelmed_S40_V12.pdf\"><span class=\"fusion-button-text awb-button__text awb-button__text--default\">T\u00e9l\u00e9charger la fiche produit<\/span><\/a><\/div><div class=\"fusion-clearfix\"><\/div><\/div><\/div><\/div><\/div>\n","protected":false},"excerpt":{"rendered":"","protected":false},"author":2,"featured_media":0,"parent":0,"menu_order":0,"comment_status":"closed","ping_status":"closed","template":"100-width.php","meta":{"footnotes":""},"class_list":["post-13045","page","type-page","status-publish","hentry"],"yoast_head":"<!-- This site is optimized with the Yoast SEO plugin v25.1 - https:\/\/yoast.com\/wordpress\/plugins\/seo\/ -->\n<title>Audiom\u00e9trie JLM M\u00e9dical : Services et \u00e9quipements de diagnostic m\u00e9dical<\/title>\n<meta name=\"description\" content=\"JLM M\u00e9dical : LE SPECIALISTE DES SERVICES ET DES EQUIPEMENTS DE DIAGNOSTIC MEDICAL\" \/>\n<meta name=\"robots\" content=\"index, follow, max-snippet:-1, max-image-preview:large, max-video-preview:-1\" \/>\n<link rel=\"canonical\" href=\"https:\/\/jlmmedical.fr\/?page_id=13045\" \/>\n<meta property=\"og:locale\" content=\"fr_FR\" \/>\n<meta property=\"og:type\" content=\"article\" \/>\n<meta property=\"og:title\" content=\"Audiom\u00e9trie JLM M\u00e9dical : Services et \u00e9quipements de diagnostic m\u00e9dical\" \/>\n<meta property=\"og:description\" content=\"JLM M\u00e9dical : LE SPECIALISTE DES SERVICES ET DES EQUIPEMENTS DE DIAGNOSTIC MEDICAL\" \/>\n<meta property=\"og:url\" content=\"https:\/\/jlmmedical.fr\/?page_id=13045\" \/>\n<meta property=\"og:site_name\" content=\"JLM Medical\" \/>\n<meta property=\"article:modified_time\" content=\"2025-05-20T09:46:19+00:00\" \/>\n<meta property=\"og:image\" content=\"http:\/\/jlmmedical.fr\/wp-content\/uploads\/2023\/03\/Audio_Peltor-225x300.png\" \/>\n<meta name=\"twitter:card\" content=\"summary_large_image\" \/>\n<meta name=\"twitter:label1\" content=\"Dur\u00e9e de lecture estim\u00e9e\" \/>\n\t<meta name=\"twitter:data1\" content=\"4 minutes\" \/>\n<script type=\"application\/ld+json\" class=\"yoast-schema-graph\">{\"@context\":\"https:\/\/schema.org\",\"@graph\":[{\"@type\":\"WebPage\",\"@id\":\"https:\/\/jlmmedical.fr\/?page_id=13045\",\"url\":\"https:\/\/jlmmedical.fr\/?page_id=13045\",\"name\":\"Audiom\u00e9trie JLM M\u00e9dical : Services et \u00e9quipements de diagnostic m\u00e9dical\",\"isPartOf\":{\"@id\":\"https:\/\/jlmmedical.fr\/#website\"},\"primaryImageOfPage\":{\"@id\":\"https:\/\/jlmmedical.fr\/?page_id=13045#primaryimage\"},\"image\":{\"@id\":\"https:\/\/jlmmedical.fr\/?page_id=13045#primaryimage\"},\"thumbnailUrl\":\"http:\/\/jlmmedical.fr\/wp-content\/uploads\/2023\/03\/Audio_Peltor-225x300.png\",\"datePublished\":\"2016-09-11T20:48:37+00:00\",\"dateModified\":\"2025-05-20T09:46:19+00:00\",\"description\":\"JLM M\u00e9dical : LE SPECIALISTE DES SERVICES ET DES EQUIPEMENTS DE DIAGNOSTIC MEDICAL\",\"breadcrumb\":{\"@id\":\"https:\/\/jlmmedical.fr\/?page_id=13045#breadcrumb\"},\"inLanguage\":\"fr-FR\",\"potentialAction\":[{\"@type\":\"ReadAction\",\"target\":[\"https:\/\/jlmmedical.fr\/?page_id=13045\"]}]},{\"@type\":\"ImageObject\",\"inLanguage\":\"fr-FR\",\"@id\":\"https:\/\/jlmmedical.fr\/?page_id=13045#primaryimage\",\"url\":\"http:\/\/jlmmedical.fr\/wp-content\/uploads\/2023\/03\/Audio_Peltor-225x300.png\",\"contentUrl\":\"http:\/\/jlmmedical.fr\/wp-content\/uploads\/2023\/03\/Audio_Peltor-225x300.png\"},{\"@type\":\"BreadcrumbList\",\"@id\":\"https:\/\/jlmmedical.fr\/?page_id=13045#breadcrumb\",\"itemListElement\":[{\"@type\":\"ListItem\",\"position\":1,\"name\":\"Accueil\",\"item\":\"https:\/\/jlmmedical.fr\/\"},{\"@type\":\"ListItem\",\"position\":2,\"name\":\"Audio\"}]},{\"@type\":\"WebSite\",\"@id\":\"https:\/\/jlmmedical.fr\/#website\",\"url\":\"https:\/\/jlmmedical.fr\/\",\"name\":\"JLM Medical\",\"description\":\"\",\"potentialAction\":[{\"@type\":\"SearchAction\",\"target\":{\"@type\":\"EntryPoint\",\"urlTemplate\":\"https:\/\/jlmmedical.fr\/?s={search_term_string}\"},\"query-input\":{\"@type\":\"PropertyValueSpecification\",\"valueRequired\":true,\"valueName\":\"search_term_string\"}}],\"inLanguage\":\"fr-FR\"}]}<\/script>\n<!-- \/ Yoast SEO plugin. -->","yoast_head_json":{"title":"Audiom\u00e9trie JLM M\u00e9dical : Services et \u00e9quipements de diagnostic m\u00e9dical","description":"JLM M\u00e9dical : LE SPECIALISTE DES SERVICES ET DES EQUIPEMENTS DE DIAGNOSTIC MEDICAL","robots":{"index":"index","follow":"follow","max-snippet":"max-snippet:-1","max-image-preview":"max-image-preview:large","max-video-preview":"max-video-preview:-1"},"canonical":"https:\/\/jlmmedical.fr\/?page_id=13045","og_locale":"fr_FR","og_type":"article","og_title":"Audiom\u00e9trie JLM M\u00e9dical : Services et \u00e9quipements de diagnostic m\u00e9dical","og_description":"JLM M\u00e9dical : LE SPECIALISTE DES SERVICES ET DES EQUIPEMENTS DE DIAGNOSTIC MEDICAL","og_url":"https:\/\/jlmmedical.fr\/?page_id=13045","og_site_name":"JLM Medical","article_modified_time":"2025-05-20T09:46:19+00:00","og_image":[{"url":"http:\/\/jlmmedical.fr\/wp-content\/uploads\/2023\/03\/Audio_Peltor-225x300.png","type":"","width":"","height":""}],"twitter_card":"summary_large_image","twitter_misc":{"Dur\u00e9e de lecture estim\u00e9e":"4 minutes"},"schema":{"@context":"https:\/\/schema.org","@graph":[{"@type":"WebPage","@id":"https:\/\/jlmmedical.fr\/?page_id=13045","url":"https:\/\/jlmmedical.fr\/?page_id=13045","name":"Audiom\u00e9trie JLM M\u00e9dical : Services et \u00e9quipements de diagnostic m\u00e9dical","isPartOf":{"@id":"https:\/\/jlmmedical.fr\/#website"},"primaryImageOfPage":{"@id":"https:\/\/jlmmedical.fr\/?page_id=13045#primaryimage"},"image":{"@id":"https:\/\/jlmmedical.fr\/?page_id=13045#primaryimage"},"thumbnailUrl":"http:\/\/jlmmedical.fr\/wp-content\/uploads\/2023\/03\/Audio_Peltor-225x300.png","datePublished":"2016-09-11T20:48:37+00:00","dateModified":"2025-05-20T09:46:19+00:00","description":"JLM M\u00e9dical : LE SPECIALISTE DES SERVICES ET DES EQUIPEMENTS DE DIAGNOSTIC MEDICAL","breadcrumb":{"@id":"https:\/\/jlmmedical.fr\/?page_id=13045#breadcrumb"},"inLanguage":"fr-FR","potentialAction":[{"@type":"ReadAction","target":["https:\/\/jlmmedical.fr\/?page_id=13045"]}]},{"@type":"ImageObject","inLanguage":"fr-FR","@id":"https:\/\/jlmmedical.fr\/?page_id=13045#primaryimage","url":"http:\/\/jlmmedical.fr\/wp-content\/uploads\/2023\/03\/Audio_Peltor-225x300.png","contentUrl":"http:\/\/jlmmedical.fr\/wp-content\/uploads\/2023\/03\/Audio_Peltor-225x300.png"},{"@type":"BreadcrumbList","@id":"https:\/\/jlmmedical.fr\/?page_id=13045#breadcrumb","itemListElement":[{"@type":"ListItem","position":1,"name":"Accueil","item":"https:\/\/jlmmedical.fr\/"},{"@type":"ListItem","position":2,"name":"Audio"}]},{"@type":"WebSite","@id":"https:\/\/jlmmedical.fr\/#website","url":"https:\/\/jlmmedical.fr\/","name":"JLM Medical","description":"","potentialAction":[{"@type":"SearchAction","target":{"@type":"EntryPoint","urlTemplate":"https:\/\/jlmmedical.fr\/?s={search_term_string}"},"query-input":{"@type":"PropertyValueSpecification","valueRequired":true,"valueName":"search_term_string"}}],"inLanguage":"fr-FR"}]}},"_links":{"self":[{"href":"https:\/\/jlmmedical.fr\/index.php?rest_route=\/wp\/v2\/pages\/13045","targetHints":{"allow":["GET"]}}],"collection":[{"href":"https:\/\/jlmmedical.fr\/index.php?rest_route=\/wp\/v2\/pages"}],"about":[{"href":"https:\/\/jlmmedical.fr\/index.php?rest_route=\/wp\/v2\/types\/page"}],"author":[{"embeddable":true,"href":"https:\/\/jlmmedical.fr\/index.php?rest_route=\/wp\/v2\/users\/2"}],"replies":[{"embeddable":true,"href":"https:\/\/jlmmedical.fr\/index.php?rest_route=%2Fwp%2Fv2%2Fcomments&post=13045"}],"version-history":[{"count":21,"href":"https:\/\/jlmmedical.fr\/index.php?rest_route=\/wp\/v2\/pages\/13045\/revisions"}],"predecessor-version":[{"id":13718,"href":"https:\/\/jlmmedical.fr\/index.php?rest_route=\/wp\/v2\/pages\/13045\/revisions\/13718"}],"wp:attachment":[{"href":"https:\/\/jlmmedical.fr\/index.php?rest_route=%2Fwp%2Fv2%2Fmedia&parent=13045"}],"curies":[{"name":"wp","href":"https:\/\/api.w.org\/{rel}","templated":true}]}}